{"id":30,"date":"2013-11-25T14:11:28","date_gmt":"2013-11-25T19:11:28","guid":{"rendered":"http:\/\/ccrccr.srv2.cfshosting.ca\/?page_id=30"},"modified":"2019-07-15T13:56:18","modified_gmt":"2019-07-15T17:56:18","slug":"bienvenue-au-site-web-du-consortium-canadien-pour-la-recherche","status":"publish","type":"page","link":"https:\/\/ccr-ccr.ca\/fr\/bienvenue-au-site-web-du-consortium-canadien-pour-la-recherche\/","title":{"rendered":"Bienvenue au site Web du Consortium canadien pour la recherche"},"content":{"rendered":"<p>Le CCR est la plus grande coalition de plaidoyer au Canada, en mettant l&#8217;accent sur \u200b\u200ble financement de la recherche dans toutes les disciplines et de soutien pour l&#8217;\u00e9ducation post-secondaire. CCR comprend 21 organisations qui repr\u00e9sentent plus de 500 000 \u00e9tudiants et 50 000 chercheurs dans toutes les disciplines.<\/p>\n","protected":false},"excerpt":{"rendered":"<p>Le CCR est la plus grande coalition de plaidoyer au Canada, en mettant l&#8217;accent sur \u200b\u200ble financement de la recherche dans toutes les disciplines et de soutien pour l&#8217;\u00e9ducation post-secondaire. CCR comprend 21 organisations qui repr\u00e9sentent plus de 500 000 \u00e9tudiants et 50 000 chercheurs dans toutes les disciplines.<\/p>\n","protected":false},"author":34,"featured_media":0,"parent":0,"menu_order":0,"comment_status":"closed","ping_status":"closed","template":"page-templates\/front-page.php","meta":{"footnotes":""},"class_list":["post-30","page","type-page","status-publish","hentry"],"_links":{"self":[{"href":"https:\/\/ccr-ccr.ca\/fr\/wp-json\/wp\/v2\/pages\/30","targetHints":{"allow":["GET"]}}],"collection":[{"href":"https:\/\/ccr-ccr.ca\/fr\/wp-json\/wp\/v2\/pages"}],"about":[{"href":"https:\/\/ccr-ccr.ca\/fr\/wp-json\/wp\/v2\/types\/page"}],"author":[{"embeddable":true,"href":"https:\/\/ccr-ccr.ca\/fr\/wp-json\/wp\/v2\/users\/34"}],"replies":[{"embeddable":true,"href":"https:\/\/ccr-ccr.ca\/fr\/wp-json\/wp\/v2\/comments?post=30"}],"version-history":[{"count":0,"href":"https:\/\/ccr-ccr.ca\/fr\/wp-json\/wp\/v2\/pages\/30\/revisions"}],"wp:attachment":[{"href":"https:\/\/ccr-ccr.ca\/fr\/wp-json\/wp\/v2\/media?parent=30"}],"curies":[{"name":"wp","href":"https:\/\/api.w.org\/{rel}","templated":true}]}}