{"id":25,"date":"2009-01-12T13:51:10","date_gmt":"2009-01-12T18:51:10","guid":{"rendered":"http:\/\/ccrccr.srv2.cfshosting.ca\/?page_id=25"},"modified":"2024-05-03T10:16:23","modified_gmt":"2024-05-03T14:16:23","slug":"a-propos-du-ccr","status":"publish","type":"page","link":"https:\/\/ccr-ccr.ca\/fr\/a-propos-du-ccr\/","title":{"rendered":"\u00c0 propos du CCR"},"content":{"rendered":"<h1>\u00c0 propos du Consortium canadien pour la recherche<\/h1>\n<p>Le Consortium canadien pour la recherche (CCR) a \u00e9t\u00e9 institu\u00e9 en 1976. Il est compos\u00e9 de 20 organisations qui repr\u00e9sentent des chercheuses et chercheurs dans toutes les disciplines au Canada. Bien que la majorit\u00e9 de ces chercheuses et chercheurs soit install\u00e9e dans les universit\u00e9s, les organisations qui en font partie int\u00e9grante comptent de nombreux membres dans les laboratoires du gouvernement et dans les centres de recherche du secteur priv\u00e9. Ces groupes de membres repr\u00e9sentent environ 50 000 chercheuses et chercheurs et 650 000 \u00e9tudiantes et \u00e9tudiants et font du CCR l\u2019organisation la plus importante au Canada dont les pr\u00e9occupations premi\u00e8res sont le financement de la recherche dans tous les secteurs et le soutien de l\u2019\u00e9ducation postsecondaire.<\/p>\n<p>Toutes les activit\u00e9s du Consortium sont ex\u00e9cut\u00e9es par des b\u00e9n\u00e9voles des soci\u00e9t\u00e9s et organisations membres constituantes. Un comit\u00e9 de direction compos\u00e9 de six membres assure la planification et le leadership du CCR et communique des rapports au Consortium au cours de r\u00e9unions mensuelles \u00e0 horaire fixe des porte-parole des membres.<br \/>\n<!---\nClick here to see CCR's <a href=\"https:\/\/ccr-ccr.ca\/wp-content\/uploads\/2017\/11\/CCR_Strategic_Plan_2017.pdf\" target=\"_blank\" rel=\"noopener\">2017 Strategic Plan<\/a>.----><\/p>\n","protected":false},"excerpt":{"rendered":"<p>\u00c0 propos du Consortium canadien pour la recherche Le Consortium canadien pour la recherche (CCR) a \u00e9t\u00e9 institu\u00e9 en 1976. Il est compos\u00e9 de 20 organisations qui repr\u00e9sentent des chercheuses et chercheurs dans toutes les disciplines au Canada. Bien que la majorit\u00e9 de ces chercheuses et chercheurs soit install\u00e9e dans les universit\u00e9s, les organisations qui [&hellip;]<\/p>\n","protected":false},"author":34,"featured_media":0,"parent":0,"menu_order":2,"comment_status":"closed","ping_status":"closed","template":"","meta":{"footnotes":""},"class_list":["post-25","page","type-page","status-publish","hentry"],"_links":{"self":[{"href":"https:\/\/ccr-ccr.ca\/fr\/wp-json\/wp\/v2\/pages\/25","targetHints":{"allow":["GET"]}}],"collection":[{"href":"https:\/\/ccr-ccr.ca\/fr\/wp-json\/wp\/v2\/pages"}],"about":[{"href":"https:\/\/ccr-ccr.ca\/fr\/wp-json\/wp\/v2\/types\/page"}],"author":[{"embeddable":true,"href":"https:\/\/ccr-ccr.ca\/fr\/wp-json\/wp\/v2\/users\/34"}],"replies":[{"embeddable":true,"href":"https:\/\/ccr-ccr.ca\/fr\/wp-json\/wp\/v2\/comments?post=25"}],"version-history":[{"count":0,"href":"https:\/\/ccr-ccr.ca\/fr\/wp-json\/wp\/v2\/pages\/25\/revisions"}],"wp:attachment":[{"href":"https:\/\/ccr-ccr.ca\/fr\/wp-json\/wp\/v2\/media?parent=25"}],"curies":[{"name":"wp","href":"https:\/\/api.w.org\/{rel}","templated":true}]}}